{"id":123,"date":"2015-02-23T14:30:06","date_gmt":"2015-02-23T14:30:06","guid":{"rendered":"http:\/\/demo.edge-themes.com\/vigor5\/?page_id=123"},"modified":"2024-10-24T14:54:33","modified_gmt":"2024-10-24T13:54:33","slug":"about-us","status":"publish","type":"page","link":"https:\/\/isabelleds.com\/","title":{"rendered":"Isabelle de scitivaux"},"content":{"rendered":"\t\t<div data-elementor-type=\"wp-page\" data-elementor-id=\"123\" class=\"elementor elementor-123\" data-elementor-post-type=\"page\">\n\t\t\t\t<div class=\"elementor-element elementor-element-72ce2a7 e-con-full e-flex e-con e-parent\" data-id=\"72ce2a7\" data-element_type=\"container\">\n\t\t\t\t<div class=\"elementor-element elementor-element-a864763 elementor-widget__width-initial elementor-widget elementor-widget-image\" data-id=\"a864763\" data-element_type=\"widget\" data-widget_type=\"image.default\">\n\t\t\t\t<div class=\"elementor-widget-container\">\n\t\t\t\t\t\t\t\t\t\t\t\t\t<img decoding=\"async\" width=\"46\" height=\"47\" src=\"https:\/\/isabelleds.com\/wp-content\/uploads\/2024\/10\/log3_pitit.png\" class=\"attachment-large size-large wp-image-51313\" alt=\"\" \/>\t\t\t\t\t\t\t\t\t\t\t\t\t<\/div>\n\t\t\t\t<\/div>\n\t\t\t\t<div class=\"elementor-element elementor-element-27b23d9 elementor-widget__width-initial elementor-nav-menu__align-end elementor-nav-menu--dropdown-tablet elementor-nav-menu__text-align-aside elementor-nav-menu--toggle elementor-nav-menu--burger elementor-widget elementor-widget-nav-menu\" data-id=\"27b23d9\" data-element_type=\"widget\" data-settings=\"{&quot;layout&quot;:&quot;horizontal&quot;,&quot;submenu_icon&quot;:{&quot;value&quot;:&quot;&lt;svg class=\\&quot;e-font-icon-svg e-fas-caret-down\\&quot; viewBox=\\&quot;0 0 320 512\\&quot; xmlns=\\&quot;http:\\\/\\\/www.w3.org\\\/2000\\\/svg\\&quot;&gt;&lt;path d=\\&quot;M31.3 192h257.3c17.8 0 26.7 21.5 14.1 34.1L174.1 354.8c-7.8 7.8-20.5 7.8-28.3 0L17.2 226.1C4.6 213.5 13.5 192 31.3 192z\\&quot;&gt;&lt;\\\/path&gt;&lt;\\\/svg&gt;&quot;,&quot;library&quot;:&quot;fa-solid&quot;},&quot;toggle&quot;:&quot;burger&quot;}\" data-widget_type=\"nav-menu.default\">\n\t\t\t\t<div class=\"elementor-widget-container\">\n\t\t\t\t\t\t<nav aria-label=\"Menu\" class=\"elementor-nav-menu--main elementor-nav-menu__container elementor-nav-menu--layout-horizontal e--pointer-underline e--animation-fade\">\n\t\t\t\t<ul id=\"menu-1-27b23d9\" class=\"elementor-nav-menu\"><li class=\"menu-item menu-item-type-post_type menu-item-object-page menu-item-home menu-item-50482\"><a href=\"https:\/\/isabelleds.com\/\" class=\"elementor-item\">A propos<\/a><\/li>\n<li class=\"menu-item menu-item-type-post_type menu-item-object-page menu-item-has-children menu-item-50729\"><a href=\"https:\/\/isabelleds.com\/?page_id=50653\" class=\"elementor-item\">Travail<\/a>\n<ul class=\"sub-menu elementor-nav-menu--dropdown\">\n\t<li class=\"menu-item menu-item-type-post_type menu-item-object-page menu-item-50892\"><a href=\"https:\/\/isabelleds.com\/?page_id=50308\" class=\"elementor-sub-item\">Commandes<\/a><\/li>\n\t<li class=\"menu-item menu-item-type-post_type menu-item-object-page menu-item-50897\"><a href=\"https:\/\/isabelleds.com\/?page_id=50894\" class=\"elementor-sub-item\">Expositions<\/a><\/li>\n\t<li class=\"menu-item menu-item-type-post_type menu-item-object-page menu-item-50890\"><a href=\"https:\/\/isabelleds.com\/?page_id=50886\" class=\"elementor-sub-item\">Petites pieces<\/a><\/li>\n<\/ul>\n<\/li>\n<li class=\"menu-item menu-item-type-post_type menu-item-object-page menu-item-50951\"><a href=\"https:\/\/isabelleds.com\/?page_id=50324\" class=\"elementor-item\">En cours<\/a><\/li>\n<li class=\"menu-item menu-item-type-post_type menu-item-object-page menu-item-51328\"><a href=\"https:\/\/isabelleds.com\/?page_id=50457\" class=\"elementor-item\">Contact<\/a><\/li>\n<\/ul>\t\t\t<\/nav>\n\t\t\t\t\t<div class=\"elementor-menu-toggle\" role=\"button\" tabindex=\"0\" aria-label=\"Menu Toggle\" aria-expanded=\"false\">\n\t\t\t<svg aria-hidden=\"true\" role=\"presentation\" class=\"elementor-menu-toggle__icon--open e-font-icon-svg e-eicon-menu-bar\" viewBox=\"0 0 1000 1000\" xmlns=\"http:\/\/www.w3.org\/2000\/svg\"><path d=\"M104 333H896C929 333 958 304 958 271S929 208 896 208H104C71 208 42 237 42 271S71 333 104 333ZM104 583H896C929 583 958 554 958 521S929 458 896 458H104C71 458 42 487 42 521S71 583 104 583ZM104 833H896C929 833 958 804 958 771S929 708 896 708H104C71 708 42 737 42 771S71 833 104 833Z\"><\/path><\/svg><svg aria-hidden=\"true\" role=\"presentation\" class=\"elementor-menu-toggle__icon--close e-font-icon-svg e-eicon-close\" viewBox=\"0 0 1000 1000\" xmlns=\"http:\/\/www.w3.org\/2000\/svg\"><path d=\"M742 167L500 408 258 167C246 154 233 150 217 150 196 150 179 158 167 167 154 179 150 196 150 212 150 229 154 242 171 254L408 500 167 742C138 771 138 800 167 829 196 858 225 858 254 829L496 587 738 829C750 842 767 846 783 846 800 846 817 842 829 829 842 817 846 804 846 783 846 767 842 750 829 737L588 500 833 258C863 229 863 200 833 171 804 137 775 137 742 167Z\"><\/path><\/svg>\t\t\t<span class=\"elementor-screen-only\">Menu<\/span>\n\t\t<\/div>\n\t\t\t\t\t<nav class=\"elementor-nav-menu--dropdown elementor-nav-menu__container\" aria-hidden=\"true\">\n\t\t\t\t<ul id=\"menu-2-27b23d9\" class=\"elementor-nav-menu\"><li class=\"menu-item menu-item-type-post_type menu-item-object-page menu-item-home menu-item-50482\"><a href=\"https:\/\/isabelleds.com\/\" class=\"elementor-item\" tabindex=\"-1\">A propos<\/a><\/li>\n<li class=\"menu-item menu-item-type-post_type menu-item-object-page menu-item-has-children menu-item-50729\"><a href=\"https:\/\/isabelleds.com\/?page_id=50653\" class=\"elementor-item\" tabindex=\"-1\">Travail<\/a>\n<ul class=\"sub-menu elementor-nav-menu--dropdown\">\n\t<li class=\"menu-item menu-item-type-post_type menu-item-object-page menu-item-50892\"><a href=\"https:\/\/isabelleds.com\/?page_id=50308\" class=\"elementor-sub-item\" tabindex=\"-1\">Commandes<\/a><\/li>\n\t<li class=\"menu-item menu-item-type-post_type menu-item-object-page menu-item-50897\"><a href=\"https:\/\/isabelleds.com\/?page_id=50894\" class=\"elementor-sub-item\" tabindex=\"-1\">Expositions<\/a><\/li>\n\t<li class=\"menu-item menu-item-type-post_type menu-item-object-page menu-item-50890\"><a href=\"https:\/\/isabelleds.com\/?page_id=50886\" class=\"elementor-sub-item\" tabindex=\"-1\">Petites pieces<\/a><\/li>\n<\/ul>\n<\/li>\n<li class=\"menu-item menu-item-type-post_type menu-item-object-page menu-item-50951\"><a href=\"https:\/\/isabelleds.com\/?page_id=50324\" class=\"elementor-item\" tabindex=\"-1\">En cours<\/a><\/li>\n<li class=\"menu-item menu-item-type-post_type menu-item-object-page menu-item-51328\"><a href=\"https:\/\/isabelleds.com\/?page_id=50457\" class=\"elementor-item\" tabindex=\"-1\">Contact<\/a><\/li>\n<\/ul>\t\t\t<\/nav>\n\t\t\t\t<\/div>\n\t\t\t\t<\/div>\n\t\t\t\t<\/div>\n\t\t<div class=\"elementor-element elementor-element-5953426d e-flex e-con-boxed e-con e-parent\" data-id=\"5953426d\" data-element_type=\"container\">\n\t\t\t\t\t<div class=\"e-con-inner\">\n\t\t\t\t<div class=\"elementor-element elementor-element-11f8bb4 elementor-widget elementor-widget-image\" data-id=\"11f8bb4\" data-element_type=\"widget\" data-widget_type=\"image.default\">\n\t\t\t\t<div class=\"elementor-widget-container\">\n\t\t\t\t\t\t\t\t\t\t\t\t\t<img fetchpriority=\"high\" decoding=\"async\" width=\"768\" height=\"512\" src=\"https:\/\/isabelleds.com\/wp-content\/uploads\/2017\/03\/gants-G-768x512.jpg\" class=\"attachment-medium_large size-medium_large wp-image-50987\" alt=\"\" srcset=\"https:\/\/isabelleds.com\/wp-content\/uploads\/2017\/03\/gants-G-768x512.jpg 768w, https:\/\/isabelleds.com\/wp-content\/uploads\/2017\/03\/gants-G-600x400.jpg 600w, https:\/\/isabelleds.com\/wp-content\/uploads\/2017\/03\/gants-G-300x200.jpg 300w, https:\/\/isabelleds.com\/wp-content\/uploads\/2017\/03\/gants-G-1024x682.jpg 1024w, https:\/\/isabelleds.com\/wp-content\/uploads\/2017\/03\/gants-G-700x466.jpg 700w\" sizes=\"(max-width: 768px) 100vw, 768px\" \/>\t\t\t\t\t\t\t\t\t\t\t\t\t<\/div>\n\t\t\t\t<\/div>\n\t\t\t\t<div class=\"elementor-element elementor-element-30552d48 elementor-widget elementor-widget-text-editor\" data-id=\"30552d48\" data-element_type=\"widget\" data-widget_type=\"text-editor.default\">\n\t\t\t\t<div class=\"elementor-widget-container\">\n\t\t\t\t\t\t\t<!-- wp:post-title {\"level\":1} \/-->\n<p style=\"text-align: right;\">photo: Jean-Pierre Loubat<\/p>\n<h3>Isabelle de Scitivaux<\/h3>\n<p>Isabelle de Scitivaux con\u00e7oit ses sculptures \u00e0 la mesure du lieu qu\u2019elles investissent et du spectateur qui arpente les espaces. Le lieu d\u2019exposition devient le mat\u00e9riau de sa sculpture autant que les fils m\u00e9talliques ou de rotin qu\u2019elle assemble et mod\u00e8le pour cr\u00e9er des formes qui se d\u00e9ploient dans les salles. Elle r\u00e9interpr\u00e8te l\u2019espace, propose une nouvelle lecture du lieu qui prend corps \u00e0 travers les \u0153uvres. Son art est contextuel, il prend en compte l\u2019architecture du lieu, son histoire et sa charge \u00e9motionnelle.<br \/>Lorsqu\u2019\u00e0 Volterra elle cr\u00e9e un immense dragon dans une salle vo\u00fbt\u00e9e dont le sol est jonch\u00e9 de plumes de pigeons, sa sculpture entre en r\u00e9sonance avec l\u2019histoire de la ville dont le blason s\u2019orne d\u2019un dragon et d\u2019un griffon et dont les poign\u00e9es de portes sont d\u00e9cor\u00e9es de chauve-souris. Elle nous conduit dans un monde fantasmagorique o\u00f9 les plumes des oiseaux deviennent partie prenante de la fiction imagin\u00e9e par l\u2019artiste qui s\u2019ancre alors comme par magie dans le r\u00e9el.<br \/>De m\u00eame, l\u2019occupation de la galerie B de N\u00eemes par deux \u00e9l\u00e9phants \u00e9tait n\u00e9e de la volont\u00e9 de proposer une saturation de la pi\u00e8ce par un animal dont la pr\u00e9sence et la densit\u00e9 \u00e9taient non pas perceptibles par des masses lourdes et pesantes mais par une occupation maximale de la galerie. L\u2019un des pachydermes s\u2019inscrivait dans l\u2019espace d\u2019une vo\u00fbte et \u00e9pousait les parois du mur \u00e0 la mani\u00e8re d\u2019un bas-relief, l\u2019autre se d\u00e9ployait dans tout l\u2019espace de la galerie. Cette \u00e9criture spatiale entre plein et vide, surgissement d\u2019une forme et fragilit\u00e9 de la repr\u00e9sentation est d\u2019ailleurs une des constantes de son travail.<br \/>Influenc\u00e9e tr\u00e8s t\u00f4t par la culture japonaise dont elle est proche par ses origines, elle travaille ses sculptures \u00e0 la mani\u00e8re d\u2019une calligraphe dont la technique n\u00e9cessite non seulement une ma\u00eetrise de la main qui trace le signe, mais \u00e9galement un investissement de l\u2019ensemble du corps et un contr\u00f4le des \u00e9nergies qui le traverse. Comme dans la calligraphie, Isabelle de Scitivaux utilise l\u2019ensemble de son corps pour cr\u00e9er ses pi\u00e8ces monumentales et arachn\u00e9ennes. Le geste, la forme, l\u2019id\u00e9e ne sont qu\u2019une seule et m\u00eame chose et les solutions plastiques qu\u2019elle invente sont toujours les plus simples, les plus \u00e9videntes, les plus concises.<br \/>Lorsqu\u2019elle sculpte une montagne, elle prend appui sur le processus qui a engendr\u00e9 leur formation (pouss\u00e9e verticale et condensation) pour tendre les fils et les modeler en contr\u00f4lant chacun de ses gestes pour cr\u00e9er le volume d\u00e9sir\u00e9. Le mouvement qu\u2019elle imprime au mat\u00e9riau tient \u00e9galement compte du passage du temps, de l\u2019\u00e9rosion qui adoucit les contours et sculpte le paysage. Pour cette pi\u00e8ce, le choix de l\u2019\u00e9chelle monumentale s\u2019est impos\u00e9 d\u2019embl\u00e9e, la sculpture devenant un v\u00e9ritable espace habitable dans lequel le spectateur peut entrer \u00e0 la mani\u00e8re d\u2019une architecture.<br \/>L\u2019une des grande richesse de la sculpture d\u2019Isabelle de Scitivaux est de permettre la multiplicit\u00e9 des points de vue sur les objets et d\u2019agir sur nos perceptions. Suivant la position du spectateur la montagne se d\u00e9ploie ou se comprime, les lignes se superposent ou se s\u00e9parent. L\u2019artiste rend le spectateur actif, l\u2019incite \u00e0 se mettre en mouvement \u00e0 questionner sa vision du r\u00e9el.<br \/>Dans ses sculptures, le processus de cr\u00e9ation et d\u2019assemblage n\u2019est jamais cach\u00e9, tous les points de liaison entre les fils sont visibles L\u2019\u00e9conomie de moyens est toujours recherch\u00e9e. Parfois la sculpture se double de son ombre port\u00e9e par le biais de l\u2019\u00e9clairage ou du reflet sur la surface miroitante d\u2019un miroir d\u2019eau\u00a0; la sculpture devient alors un v\u00e9ritable pi\u00e8ge optique pour le regardeur.<\/p>\n<p>Parall\u00e8lement \u00e0 sa d\u00e9marche artistique dans les galeries et les lieux traditionnels d\u2019exposition, Isabelle de Scitivaux d\u00e9veloppe un travail en partenariat avec des enseignes telles que Lafuma ou plus r\u00e9cemment Le Printemps Haussmann. Dans le cadre de ce dernier projet, elle a con\u00e7u neuf sculptures de fleurs monumentales et d\u2019insectes g\u00e9ants dont la lumineuse beaut\u00e9 irradiait jusque dans la rue. Tout d\u2019un coup, le regard du passant est happ\u00e9, ce dernier est invit\u00e9 \u00e0 une exp\u00e9rience esth\u00e9tique inattendue. Il s\u2019arr\u00eate un instant pour contempler ces objets singuliers si \u00e9loign\u00e9s des marchandises auxquels il est accoutum\u00e9. Ces cr\u00e9ations sont pour l\u2019artiste une mani\u00e8re de toucher un autre public, elles sont des manifestes, des objets po\u00e9tiques et politiques inscrits dans la ville, qui transforment le quotidien et donnent \u00e0 r\u00eaver d\u2019un monde o\u00f9 l\u2019art et la vie ne seraient qu\u2019une seule et m\u00eame chose.<\/p>\n<p>Martine Guillerm<\/p>\n<p>\u00a0<\/p>\n<p>\u00a0<\/p>\n<p>\u00a0<\/p>\n<p>\u00a0<\/p>\n<p>\u00a0<\/p>\n<p style=\"text-align: center;\">Isabelle de Scitivaux \u00a9 2024<\/p>\t\t\t\t\t\t<\/div>\n\t\t\t\t<\/div>\n\t\t\t\t\t<\/div>\n\t\t\t\t<\/div>\n\t\t\t\t<\/div>\n\t\t","protected":false},"excerpt":{"rendered":"<p>photo: Jean-Pierre Loubat Isabelle de Scitivaux Isabelle de Scitivaux con\u00e7oit ses sculptures \u00e0 la mesure du lieu qu\u2019elles investissent et du spectateur qui arpente les espaces. Le lieu d\u2019exposition devient le mat\u00e9riau de sa sculpture autant que les fils m\u00e9talliques ou de rotin qu\u2019elle assemble et mod\u00e8le pour cr\u00e9er des formes qui se d\u00e9ploient dans [&hellip;]<\/p>\n","protected":false},"author":3,"featured_media":0,"parent":0,"menu_order":0,"comment_status":"open","ping_status":"open","template":"elementor_canvas","meta":{"footnotes":""},"class_list":["post-123","page","type-page","status-publish","hentry"],"_links":{"self":[{"href":"https:\/\/isabelleds.com\/index.php?rest_route=\/wp\/v2\/pages\/123","targetHints":{"allow":["GET"]}}],"collection":[{"href":"https:\/\/isabelleds.com\/index.php?rest_route=\/wp\/v2\/pages"}],"about":[{"href":"https:\/\/isabelleds.com\/index.php?rest_route=\/wp\/v2\/types\/page"}],"author":[{"embeddable":true,"href":"https:\/\/isabelleds.com\/index.php?rest_route=\/wp\/v2\/users\/3"}],"replies":[{"embeddable":true,"href":"https:\/\/isabelleds.com\/index.php?rest_route=%2Fwp%2Fv2%2Fcomments&post=123"}],"version-history":[{"count":95,"href":"https:\/\/isabelleds.com\/index.php?rest_route=\/wp\/v2\/pages\/123\/revisions"}],"predecessor-version":[{"id":51347,"href":"https:\/\/isabelleds.com\/index.php?rest_route=\/wp\/v2\/pages\/123\/revisions\/51347"}],"wp:attachment":[{"href":"https:\/\/isabelleds.com\/index.php?rest_route=%2Fwp%2Fv2%2Fmedia&parent=123"}],"curies":[{"name":"wp","href":"https:\/\/api.w.org\/{rel}","templated":true}]}}