{"id":50653,"date":"2015-02-03T13:06:10","date_gmt":"2015-02-03T13:06:10","guid":{"rendered":"http:\/\/demo.edge-themes.com\/vigor7\/?page_id=4"},"modified":"2024-10-20T23:40:58","modified_gmt":"2024-10-20T22:40:58","slug":"home-4","status":"publish","type":"page","link":"https:\/\/isabelleds.com\/?page_id=50653","title":{"rendered":"Home_fr"},"content":{"rendered":"\n<p>[vc_row row_type=\u00a0\u00bbrow\u00a0\u00bb use_row_as_full_screen_section=\u00a0\u00bbno\u00a0\u00bb type=\u00a0\u00bbfull_width\u00a0\u00bb oblique_section=\u00a0\u00bbno\u00a0\u00bb text_align=\u00a0\u00bbleft\u00a0\u00bb triangle_shape=\u00a0\u00bbno\u00a0\u00bb css_animation=\u00a0\u00bb\u00a0\u00bb box_shadow_on_row=\u00a0\u00bbno\u00a0\u00bb][vc_column][vc_empty_space height=\u00a0\u00bb64px\u00a0\u00bb image_repeat=\u00a0\u00bbno-repeat\u00a0\u00bb][\/vc_column][\/vc_row][vc_row row_type=\u00a0\u00bbrow\u00a0\u00bb use_row_as_full_screen_section=\u00a0\u00bbno\u00a0\u00bb type=\u00a0\u00bbfull_width\u00a0\u00bb oblique_section=\u00a0\u00bbno\u00a0\u00bb text_align=\u00a0\u00bbleft\u00a0\u00bb triangle_shape=\u00a0\u00bbno\u00a0\u00bb css_animation=\u00a0\u00bb\u00a0\u00bb box_shadow_on_row=\u00a0\u00bbno\u00a0\u00bb][vc_column width=\u00a0\u00bb2\/3&Prime; offset=\u00a0\u00bbvc_col-lg-offset-2 vc_col-sm-offset-1 vc_col-xs-offset-1 vc_col-xs-10&Prime;][vc_column_text]Ancienne \u00e9l\u00e8ve des beaux-arts de N\u00eemes, Isabelle de Scitivaux sculpte du fil et de l\u2019espace; elle soude des liens entre vides et pleins,&nbsp; enchev\u00eatre fils de m\u00e9tal, d\u2019aluminium ou grillages&nbsp;; c\u2019est d\u2019abord l\u2019espace qui l\u2019inspire pour &nbsp;imaginer puis construire ses sculptures en dessin projet\u00e9: ses cr\u00e9ations jouent avec l\u2019anamorphose, quelquefois &nbsp;bijoux animaliers ou v\u00e9g\u00e9taux, quelquefois personnages humains en mouvement, une autre fois mobilier soud\u00e9 \u00e0 des objets.[\/vc_column_text][\/vc_column][vc_column][vc_empty_space image_repeat=\u00a0\u00bbno-repeat\u00a0\u00bb][\/vc_column][\/vc_row][vc_row row_type=\u00a0\u00bbrow\u00a0\u00bb use_row_as_full_screen_section=\u00a0\u00bbyes\u00a0\u00bb type=\u00a0\u00bbgrid\u00a0\u00bb oblique_section=\u00a0\u00bbno\u00a0\u00bb text_align=\u00a0\u00bbcenter\u00a0\u00bb triangle_shape=\u00a0\u00bbno\u00a0\u00bb css_animation=\u00a0\u00bb\u00a0\u00bb box_shadow_on_row=\u00a0\u00bbno\u00a0\u00bb][vc_column css=\u00a0\u00bb.vc_custom_1488483098881{border-left-width: 0px !important;}\u00a0\u00bb][no_masonry_gallery category=\u00a0\u00bbprout\u00a0\u00bb number=\u00a0\u00bb3&Prime; order=\u00a0\u00bbDESC\u00a0\u00bb][\/vc_column][vc_column][vc_empty_space height=\u00a0\u00bb64px\u00a0\u00bb image_repeat=\u00a0\u00bbno-repeat\u00a0\u00bb][\/vc_column][\/vc_row]<\/p>\n\n\n<p>[vc_row row_type=\u00a0\u00bbrow\u00a0\u00bb use_row_as_full_screen_section=\u00a0\u00bbno\u00a0\u00bb type=\u00a0\u00bbfull_width\u00a0\u00bb oblique_section=\u00a0\u00bbno\u00a0\u00bb text_align=\u00a0\u00bbleft\u00a0\u00bb triangle_shape=\u00a0\u00bbno\u00a0\u00bb css_animation=\u00a0\u00bb\u00a0\u00bb box_shadow_on_row=\u00a0\u00bbno\u00a0\u00bb][vc_column width=\u00a0\u00bb2\/3&Prime; offset=\u00a0\u00bbvc_col-lg-offset-2&Prime;][vc_column_text]<\/p>\n<p style=\"text-align: center;\">Isabelle de Scitivaux \u00a9 2017<\/p>\n<p>[\/vc_column_text][\/vc_column][\/vc_row]<\/p>\n","protected":false},"excerpt":{"rendered":"<p>[vc_row row_type=\u00a0\u00bbrow\u00a0\u00bb use_row_as_full_screen_section=\u00a0\u00bbno\u00a0\u00bb type=\u00a0\u00bbfull_width\u00a0\u00bb oblique_section=\u00a0\u00bbno\u00a0\u00bb text_align=\u00a0\u00bbleft\u00a0\u00bb triangle_shape=\u00a0\u00bbno\u00a0\u00bb css_animation=\u00a0\u00bb\u00a0\u00bb box_shadow_on_row=\u00a0\u00bbno\u00a0\u00bb][vc_column][vc_empty_space height=\u00a0\u00bb64px\u00a0\u00bb image_repeat=\u00a0\u00bbno-repeat\u00a0\u00bb][\/vc_column][\/vc_row][vc_row row_type=\u00a0\u00bbrow\u00a0\u00bb use_row_as_full_screen_section=\u00a0\u00bbno\u00a0\u00bb type=\u00a0\u00bbfull_width\u00a0\u00bb oblique_section=\u00a0\u00bbno\u00a0\u00bb text_align=\u00a0\u00bbleft\u00a0\u00bb triangle_shape=\u00a0\u00bbno\u00a0\u00bb css_animation=\u00a0\u00bb\u00a0\u00bb box_shadow_on_row=\u00a0\u00bbno\u00a0\u00bb][vc_column width=\u00a0\u00bb2\/3&Prime; offset=\u00a0\u00bbvc_col-lg-offset-2 vc_col-sm-offset-1 vc_col-xs-offset-1 vc_col-xs-10&Prime;][vc_column_text]Ancienne \u00e9l\u00e8ve des beaux-arts de N\u00eemes, Isabelle de Scitivaux sculpte du fil et de l\u2019espace; elle soude des liens entre vides et pleins,&nbsp; enchev\u00eatre fils de m\u00e9tal, d\u2019aluminium ou grillages&nbsp;; c\u2019est d\u2019abord [&hellip;]<\/p>\n","protected":false},"author":3,"featured_media":0,"parent":0,"menu_order":0,"comment_status":"open","ping_status":"open","template":"","meta":{"footnotes":""},"class_list":["post-50653","page","type-page","status-publish","hentry"],"_links":{"self":[{"href":"https:\/\/isabelleds.com\/index.php?rest_route=\/wp\/v2\/pages\/50653","targetHints":{"allow":["GET"]}}],"collection":[{"href":"https:\/\/isabelleds.com\/index.php?rest_route=\/wp\/v2\/pages"}],"about":[{"href":"https:\/\/isabelleds.com\/index.php?rest_route=\/wp\/v2\/types\/page"}],"author":[{"embeddable":true,"href":"https:\/\/isabelleds.com\/index.php?rest_route=\/wp\/v2\/users\/3"}],"replies":[{"embeddable":true,"href":"https:\/\/isabelleds.com\/index.php?rest_route=%2Fwp%2Fv2%2Fcomments&post=50653"}],"version-history":[{"count":140,"href":"https:\/\/isabelleds.com\/index.php?rest_route=\/wp\/v2\/pages\/50653\/revisions"}],"predecessor-version":[{"id":51240,"href":"https:\/\/isabelleds.com\/index.php?rest_route=\/wp\/v2\/pages\/50653\/revisions\/51240"}],"wp:attachment":[{"href":"https:\/\/isabelleds.com\/index.php?rest_route=%2Fwp%2Fv2%2Fmedia&parent=50653"}],"curies":[{"name":"wp","href":"https:\/\/api.w.org\/{rel}","templated":true}]}}